{"id":152,"date":"2021-04-01T14:50:19","date_gmt":"2021-04-01T14:50:19","guid":{"rendered":"https:\/\/poskamanolito.ch\/de\/?page_id=152"},"modified":"2021-05-13T18:41:15","modified_gmt":"2021-05-13T18:41:15","slug":"fassaden-und-daemmungen","status":"publish","type":"page","link":"https:\/\/poskamanolito.ch\/de\/index.php\/fassaden-und-daemmungen\/","title":{"rendered":"Fassaden und D\u00e4mmungen"},"content":{"rendered":"<p>[et_pb_section fb_built=&#8221;1&#8243; admin_label=&#8221;Page Title Section&#8221; _builder_version=&#8221;4.9.2&#8243; background_color_gradient_direction=&#8221;100deg&#8221; background_enable_image=&#8221;off&#8221; background_video_mp4=&#8221;https:\/\/poskamanolito.ch\/de\/wp-content\/uploads\/2021\/04\/Background-6266.mp4&#8243; custom_padding=&#8221;100px||100px|&#8221;][et_pb_row admin_label=&#8221;Page Title Area&#8221; _builder_version=&#8221;3.25&#8243; background_size=&#8221;initial&#8221; background_position=&#8221;top_left&#8221; background_repeat=&#8221;repeat&#8221;][et_pb_column type=&#8221;4_4&#8243; _builder_version=&#8221;3.25&#8243; custom_padding=&#8221;|||&#8221; custom_padding__hover=&#8221;|||&#8221;][et_pb_text admin_label=&#8221;Title&#8221; _builder_version=&#8221;3.27.4&#8243; text_font=&#8221;Poppins||||||||&#8221; text_font_size=&#8221;18px&#8221; text_line_height=&#8221;1.8em&#8221; header_font=&#8221;Poppins|600|||||||&#8221; header_font_size=&#8221;48px&#8221; header_line_height=&#8221;1.4em&#8221; header_2_font=&#8221;||||||||&#8221; text_orientation=&#8221;center&#8221; background_layout=&#8221;dark&#8221; max_width=&#8221;700px&#8221; module_alignment=&#8221;center&#8221; custom_margin=&#8221;|||&#8221; animation_style=&#8221;fade&#8221;]<\/p>\n<h1><span style=\"font-size: xx-large;\">Fassaden und D\u00e4mmungen<\/span><\/h1>\n<p>[\/et_pb_text][\/et_pb_column][\/et_pb_row][\/et_pb_section][et_pb_section fb_built=&#8221;1&#8243; specialty=&#8221;on&#8221; _builder_version=&#8221;4.9.2&#8243; _module_preset=&#8221;default&#8221; background_enable_image=&#8221;off&#8221;][et_pb_column type=&#8221;1_2&#8243; _builder_version=&#8221;3.25&#8243; custom_padding=&#8221;|||&#8221; custom_padding__hover=&#8221;|||&#8221;][et_pb_image src=&#8221;https:\/\/poskamanolito.ch\/de\/wp-content\/uploads\/2021\/04\/Objekt-0020011B-scaled.jpg&#8221; title_text=&#8221;Objekt 0020011B&#8221; _builder_version=&#8221;4.9.2&#8243; _module_preset=&#8221;default&#8221;][\/et_pb_image][\/et_pb_column][et_pb_column type=&#8221;1_2&#8243; specialty_columns=&#8221;2&#8243; _builder_version=&#8221;3.25&#8243; custom_padding=&#8221;|||&#8221; custom_padding__hover=&#8221;|||&#8221;][et_pb_row_inner _builder_version=&#8221;4.9.2&#8243; _module_preset=&#8221;default&#8221;][et_pb_column_inner saved_specialty_column_type=&#8221;1_2&#8243; _builder_version=&#8221;4.9.2&#8243; _module_preset=&#8221;default&#8221;][et_pb_cta title=&#8221;Fassaden und D\u00e4mmungen&#8221; button_url=&#8221;#&#8221; button_text=&#8221;Read More&#8221; admin_label=&#8221;Service&#8221; _builder_version=&#8221;4.9.2&#8243; header_font=&#8221;Poppins|600|||||||&#8221; header_text_color=&#8221;#2a2a2a&#8221; header_font_size=&#8221;18px&#8221; header_line_height=&#8221;1.4em&#8221; body_font=&#8221;Poppins||||||||&#8221; body_text_color=&#8221;#666666&#8243; body_line_height=&#8221;1.8em&#8221; use_background_color=&#8221;off&#8221; button_icon=&#8221;%%3%%&#8221; button_alignment=&#8221;left&#8221; text_orientation=&#8221;left&#8221; custom_margin=&#8221;|||&#8221; custom_padding=&#8221;|||&#8221; animation_style=&#8221;fade&#8221; locked=&#8221;off&#8221; button_text_size__hover_enabled=&#8221;off&#8221; button_one_text_size__hover_enabled=&#8221;off&#8221; button_two_text_size__hover_enabled=&#8221;off&#8221; button_text_color__hover_enabled=&#8221;off&#8221; button_one_text_color__hover_enabled=&#8221;off&#8221; button_two_text_color__hover_enabled=&#8221;off&#8221; button_border_width__hover_enabled=&#8221;off&#8221; button_one_border_width__hover_enabled=&#8221;off&#8221; button_two_border_width__hover_enabled=&#8221;off&#8221; button_border_color__hover_enabled=&#8221;off&#8221; button_one_border_color__hover_enabled=&#8221;off&#8221; button_two_border_color__hover_enabled=&#8221;off&#8221; button_border_radius__hover_enabled=&#8221;off&#8221; button_one_border_radius__hover_enabled=&#8221;off&#8221; button_two_border_radius__hover_enabled=&#8221;off&#8221; button_letter_spacing__hover_enabled=&#8221;off&#8221; button_one_letter_spacing__hover_enabled=&#8221;off&#8221; button_two_letter_spacing__hover_enabled=&#8221;off&#8221; button_bg_color__hover_enabled=&#8221;off&#8221; button_one_bg_color__hover_enabled=&#8221;off&#8221; button_two_bg_color__hover_enabled=&#8221;off&#8221;]<\/p>\n<p>Eine gute Fassadend\u00e4mmung beg\u00fcnstigt ein gutes Wohlf\u00fchlklima und spart gleichzeitig Kosten.<\/p>\n<p><strong>Steinwolle<\/strong><br \/>Ihre erste Wahl, wenn sie eine erh\u00f6hte W\u00e4rmed\u00e4mmung erreichen m\u00f6chten.\u00a0<\/p>\n<p><strong>EPS<\/strong><br \/>Mit dem D\u00e4mmstoff EPS k\u00f6nnen wir ihnen eine flexible und kosteng\u00fcnstige M\u00f6glichkeit f\u00fcr die D\u00e4mmung bieten.<\/p>\n<p><strong>Verschiedene Verputztechniken<\/strong><br \/>Wir kennen uns mit verschiedenen Verputztechniken bestens aus und verwenden immer die optimale Technik f\u00fcr ihre Fassade.<\/p>\n<p><strong>Estrich- und Decken-Isolationen<\/strong><br \/>Mit unseren hochwertigen Isolationsl\u00f6sungen bieten wir ihnen die M\u00f6glichkeiten den Estrich und die Kellerr\u00e4me so zu isolieren, damit Sie die Heizkosten senken k\u00f6nnen.<\/p>\n<p>[\/et_pb_cta][\/et_pb_column_inner][\/et_pb_row_inner][\/et_pb_column][\/et_pb_section][et_pb_section fb_built=&#8221;1&#8243; _builder_version=&#8221;4.9.2&#8243; _module_preset=&#8221;default&#8221; background_color=&#8221;rgba(0,0,0,0.12)&#8221; background_image=&#8221;https:\/\/poskamanolito.ch\/de\/wp-content\/uploads\/2021\/03\/section-bg-heptagon-right3-1.png&#8221;][et_pb_row column_structure=&#8221;3_4,1_4&#8243; _builder_version=&#8221;4.9.2&#8243; _module_preset=&#8221;default&#8221;][et_pb_column type=&#8221;3_4&#8243; _builder_version=&#8221;4.9.2&#8243; _module_preset=&#8221;default&#8221;][dsm_before_after_image before_src=&#8221;https:\/\/poskamanolito.ch\/de\/wp-content\/uploads\/2021\/05\/Fassaden-10-A.jpg&#8221; after_src=&#8221;https:\/\/poskamanolito.ch\/de\/wp-content\/uploads\/2021\/05\/Fassaden-9-A.jpg&#8221; _builder_version=&#8221;4.9.2&#8243; _module_preset=&#8221;default&#8221;][\/dsm_before_after_image][\/et_pb_column][et_pb_column type=&#8221;1_4&#8243; _builder_version=&#8221;4.9.2&#8243; _module_preset=&#8221;default&#8221;][et_pb_cta title=&#8221;Fassaden und D\u00e4mmungen&#8221; button_url=&#8221;#&#8221; admin_label=&#8221;Service&#8221; _builder_version=&#8221;4.9.2&#8243; header_font=&#8221;Poppins|600|||||||&#8221; header_text_color=&#8221;#2a2a2a&#8221; header_font_size=&#8221;18px&#8221; header_line_height=&#8221;1.4em&#8221; body_font=&#8221;Poppins||||||||&#8221; body_text_color=&#8221;#666666&#8243; body_line_height=&#8221;1.8em&#8221; use_background_color=&#8221;off&#8221; custom_button=&#8221;on&#8221; button_text_size=&#8221;14px&#8221; button_text_color=&#8221;#8b20bb&#8221; button_bg_color=&#8221;rgba(0,0,0,0)&#8221; button_border_width=&#8221;0px&#8221; button_letter_spacing=&#8221;2px&#8221; button_font=&#8221;Poppins|600||on|||||&#8221; button_icon=&#8221;%%3%%&#8221; button_alignment=&#8221;left&#8221; text_orientation=&#8221;left&#8221; custom_margin=&#8221;|||&#8221; custom_padding=&#8221;|||&#8221; animation_style=&#8221;fade&#8221; locked=&#8221;off&#8221; button_text_size__hover_enabled=&#8221;off&#8221; button_one_text_size__hover_enabled=&#8221;off&#8221; button_two_text_size__hover_enabled=&#8221;off&#8221; button_text_color__hover_enabled=&#8221;off&#8221; button_one_text_color__hover_enabled=&#8221;off&#8221; button_two_text_color__hover_enabled=&#8221;off&#8221; button_border_width__hover_enabled=&#8221;off&#8221; button_one_border_width__hover_enabled=&#8221;off&#8221; button_two_border_width__hover_enabled=&#8221;off&#8221; button_border_color__hover_enabled=&#8221;off&#8221; button_one_border_color__hover_enabled=&#8221;off&#8221; button_two_border_color__hover_enabled=&#8221;off&#8221; button_border_radius__hover_enabled=&#8221;off&#8221; button_one_border_radius__hover_enabled=&#8221;off&#8221; button_two_border_radius__hover_enabled=&#8221;off&#8221; button_letter_spacing__hover_enabled=&#8221;off&#8221; button_one_letter_spacing__hover_enabled=&#8221;off&#8221; button_two_letter_spacing__hover_enabled=&#8221;off&#8221; button_bg_color__hover_enabled=&#8221;off&#8221; button_one_bg_color__hover_enabled=&#8221;off&#8221; button_two_bg_color__hover_enabled=&#8221;off&#8221;]<\/p>\n<p>Vorher | Nachher<\/p>\n<p>&nbsp;<\/p>\n<p>[\/et_pb_cta][\/et_pb_column][\/et_pb_row][\/et_pb_section][et_pb_section fb_built=&#8221;1&#8243; _builder_version=&#8221;4.9.2&#8243; _module_preset=&#8221;default&#8221; background_color=&#8221;rgba(0,0,0,0.5)&#8221; background_image=&#8221;https:\/\/poskamanolito.ch\/de\/wp-content\/uploads\/2021\/03\/section-bg-hero3.png&#8221; global_colors_info=&#8221;{%22gcid-7d8af467-a206-4753-80db-47ccce015710%22:%91%22colorStart%22%93,%22gcid-2e3725ed-a89c-407e-83e8-603922440bab%22:%91%22colorEnd%22%93}&#8221; colorStart=&#8221;gcid-7d8af467-a206-4753-80db-47ccce015710&#8243; colorEnd=&#8221;gcid-2e3725ed-a89c-407e-83e8-603922440bab&#8221;][et_pb_row _builder_version=&#8221;4.9.2&#8243; _module_preset=&#8221;default&#8221;][et_pb_column type=&#8221;4_4&#8243; _builder_version=&#8221;4.9.2&#8243; _module_preset=&#8221;default&#8221;][et_pb_gallery gallery_ids=&#8221;1422,1421,1417,1416,1415,1420,1419,1418,1414,1547,1548&#8243; show_title_and_caption=&#8221;off&#8221; zoom_icon_color=&#8221;RGBA(0,0,0,0)&#8221; _builder_version=&#8221;4.9.2&#8243; _module_preset=&#8221;default&#8221; hover_enabled=&#8221;0&#8243; sticky_enabled=&#8221;0&#8243;][\/et_pb_gallery][\/et_pb_column][\/et_pb_row][\/et_pb_section][et_pb_section fb_built=&#8221;1&#8243; admin_label=&#8221;Hero&#8221; _builder_version=&#8221;4.9.2&#8243; background_color=&#8221;gcid-7d8af467-a206-4753-80db-47ccce015710&#8243; background_enable_image=&#8221;off&#8221; background_enable_video_mp4=&#8221;off&#8221; custom_padding=&#8221;80px|0|80px||true|false&#8221; global_colors_info=&#8221;{%22gcid-1c292a3d-86a6-4ebf-b037-47bc1da9503a%22:%91%22colorEnd%22%93,%22gcid-7d8af467-a206-4753-80db-47ccce015710%22:%91%22background_color%22%93,%22gcid-cc47a45f-bdb7-4179-89f4-693cf04088b6%22:%91%93}&#8221; colorEnd=&#8221;gcid-1c292a3d-86a6-4ebf-b037-47bc1da9503a&#8221;][et_pb_row _builder_version=&#8221;3.25&#8243; custom_margin=&#8221;|||&#8221;][et_pb_column type=&#8221;4_4&#8243; _builder_version=&#8221;3.25&#8243; custom_padding=&#8221;|||&#8221; custom_padding__hover=&#8221;|||&#8221;][et_pb_text _builder_version=&#8221;4.9.2&#8243; text_font=&#8221;Poppins||||||||&#8221; text_font_size=&#8221;20px&#8221; text_line_height=&#8221;2em&#8221; header_font=&#8221;|800||on|||||&#8221; header_font_size=&#8221;68px&#8221; header_line_height=&#8221;1.4em&#8221; background_layout=&#8221;dark&#8221; max_width=&#8221;700px&#8221; custom_padding=&#8221;||0px|||&#8221; text_font_size_tablet=&#8221;&#8221; text_font_size_phone=&#8221;16px&#8221; text_font_size_last_edited=&#8221;on|phone&#8221; header_font_size_tablet=&#8221;44px&#8221; header_font_size_phone=&#8221;24px&#8221; header_font_size_last_edited=&#8221;on|desktop&#8221; header_line_height_tablet=&#8221;1.4em&#8221; header_line_height_phone=&#8221;1.4em&#8221; header_line_height_last_edited=&#8221;on|desktop&#8221;]<\/p>\n<p><strong><span style=\"font-size: xx-large;\">Kontaktieren <\/span><span style=\"font-size: xx-large;\">Sie uns!<\/span><\/strong><\/p>\n<p>F\u00fcr allf\u00e4llige Fragen benutzen Sie bitte das Kontaktformular, oder rufen Sie uns einfach an! Wir melden uns umgehend bei Ihnen.<\/p>\n<p>[\/et_pb_text][\/et_pb_column][\/et_pb_row][et_pb_row column_structure=&#8221;2_3,1_3&#8243; _builder_version=&#8221;4.9.2&#8243; use_background_color_gradient=&#8221;on&#8221; background_color_gradient_start=&#8221;rgba(142,142,142,0)&#8221; background_color_gradient_end=&#8221;rgba(142,142,142,0)&#8221; locked=&#8221;off&#8221; global_colors_info=&#8221;{%22gcid-cc47a45f-bdb7-4179-89f4-693cf04088b6%22:%91%93,%22gcid-2e3725ed-a89c-407e-83e8-603922440bab%22:%91%22colorStart%22,%22colorEnd%22%93}&#8221; colorStart=&#8221;gcid-2e3725ed-a89c-407e-83e8-603922440bab&#8221; colorEnd=&#8221;gcid-2e3725ed-a89c-407e-83e8-603922440bab&#8221;][et_pb_column type=&#8221;2_3&#8243; _builder_version=&#8221;3.25&#8243; custom_padding=&#8221;|||&#8221; custom_padding__hover=&#8221;|||&#8221;][dsm_contact_form_7 cf7_library=&#8221;1107&#8243; input_background_color=&#8221;RGBA(0,0,0,0)&#8221; file_background_color=&#8221;RGBA(0,0,0,0)&#8221; validation_success_background_color=&#8221;#FFFFFF&#8221; _builder_version=&#8221;4.9.2&#8243; _module_preset=&#8221;default&#8221; labels_font=&#8221;Poppins||||||||&#8221; labels_text_color=&#8221;#FFFFFF&#8221; input_textarea_select_font=&#8221;Poppins||||||||&#8221; input_textarea_select_text_color=&#8221;#FFFFFF&#8221; placeholder_text_color=&#8221;#FFFFFF&#8221; file_text_color=&#8221;#FFFFFF&#8221; success_validation_text_color=&#8221;#000000&#8243; success_validation_font_size=&#8221;18px&#8221; background_color=&#8221;RGBA(0,0,0,0)&#8221; custom_button_one=&#8221;on&#8221; button_one_text_color=&#8221;#FFFFFF&#8221; border_width_all_image=&#8221;2px&#8221; border_color_all_image=&#8221;#FFFFFF&#8221; box_shadow_style_input_field=&#8221;preset1&#8243; global_colors_info=&#8221;{%22gcid-1c292a3d-86a6-4ebf-b037-47bc1da9503a%22:%91%93,%22gcid-7d8af467-a206-4753-80db-47ccce015710%22:%91%93}&#8221;][\/dsm_contact_form_7][\/et_pb_column][et_pb_column type=&#8221;1_3&#8243; _builder_version=&#8221;3.25&#8243; custom_padding=&#8221;|||&#8221; custom_padding__hover=&#8221;|||&#8221;][et_pb_blurb title=&#8221;pOSKA MANOLITO ag&#8221; use_icon=&#8221;on&#8221; font_icon=&#8221;%%249%%&#8221; icon_color=&#8221;#ffffff&#8221; icon_placement=&#8221;left&#8221; content_max_width=&#8221;1100px&#8221; _builder_version=&#8221;4.9.2&#8243; header_font=&#8221;Poppins|700||on|||||&#8221; header_font_size=&#8221;16px&#8221; header_letter_spacing=&#8221;0.5px&#8221; header_line_height=&#8221;1.7em&#8221; body_font=&#8221;Poppins||||||||&#8221; body_line_height=&#8221;2em&#8221; background_layout=&#8221;dark&#8221; locked=&#8221;off&#8221;]<\/p>\n<p>Haldenstrasse 50, CH-8400 Winterthur<\/p>\n<p>[\/et_pb_blurb][et_pb_blurb title=&#8221;\u00d6FFUNGSZEITen&#8221; use_icon=&#8221;on&#8221; font_icon=&#8221;%%236%%&#8221; icon_color=&#8221;#ffffff&#8221; icon_placement=&#8221;left&#8221; content_max_width=&#8221;1100px&#8221; _builder_version=&#8221;4.9.2&#8243; header_font=&#8221;Poppins|700||on|||||&#8221; header_font_size=&#8221;16px&#8221; header_letter_spacing=&#8221;0.5px&#8221; header_line_height=&#8221;1.7em&#8221; body_font=&#8221;Poppins||||||||&#8221; body_line_height=&#8221;2em&#8221; background_layout=&#8221;dark&#8221; locked=&#8221;off&#8221;]<\/p>\n<p>Montag &#8211; Freitag\u00a0 07:00 &#8211; 17:30<\/p>\n<p>&nbsp;<\/p>\n<p>[\/et_pb_blurb][et_pb_blurb title=&#8221;E-mail&#8221; use_icon=&#8221;on&#8221; font_icon=&#8221;%%238%%&#8221; icon_color=&#8221;#ffffff&#8221; icon_placement=&#8221;left&#8221; content_max_width=&#8221;1100px&#8221; _builder_version=&#8221;4.9.2&#8243; header_font=&#8221;Poppins|700||on|||||&#8221; header_font_size=&#8221;16px&#8221; header_letter_spacing=&#8221;0.5px&#8221; header_line_height=&#8221;1.7em&#8221; body_font=&#8221;Poppins||||||||&#8221; body_line_height=&#8221;2em&#8221; background_layout=&#8221;dark&#8221; locked=&#8221;off&#8221;]<\/p>\n<p>info@poskamanolito.ch<\/p>\n<p>[\/et_pb_blurb][\/et_pb_column][\/et_pb_row][\/et_pb_section]<\/p>\n","protected":false},"excerpt":{"rendered":"<p>[et_pb_section fb_built=&#8221;1&#8243; admin_label=&#8221;Page Title Section&#8221; _builder_version=&#8221;4.9.2&#8243; background_color_gradient_direction=&#8221;100deg&#8221; background_enable_image=&#8221;off&#8221; background_video_mp4=&#8221;https:\/\/poskamanolito.ch\/de\/wp-content\/uploads\/2021\/04\/Background-6266.mp4&#8243; custom_padding=&#8221;100px||100px|&#8221;][et_pb_row admin_label=&#8221;Page Title Area&#8221; _builder_version=&#8221;3.25&#8243; background_size=&#8221;initial&#8221; background_position=&#8221;top_left&#8221; background_repeat=&#8221;repeat&#8221;][et_pb_column type=&#8221;4_4&#8243; _builder_version=&#8221;3.25&#8243; custom_padding=&#8221;|||&#8221; custom_padding__hover=&#8221;|||&#8221;][et_pb_text admin_label=&#8221;Title&#8221; _builder_version=&#8221;3.27.4&#8243; text_font=&#8221;Poppins||||||||&#8221; text_font_size=&#8221;18px&#8221; text_line_height=&#8221;1.8em&#8221; header_font=&#8221;Poppins|600|||||||&#8221; header_font_size=&#8221;48px&#8221; header_line_height=&#8221;1.4em&#8221; header_2_font=&#8221;||||||||&#8221; text_orientation=&#8221;center&#8221; background_layout=&#8221;dark&#8221; max_width=&#8221;700px&#8221; module_alignment=&#8221;center&#8221; custom_margin=&#8221;|||&#8221; animation_style=&#8221;fade&#8221;] Fassaden und D\u00e4mmungen [\/et_pb_text][\/et_pb_column][\/et_pb_row][\/et_pb_section][et_pb_section fb_built=&#8221;1&#8243; specialty=&#8221;on&#8221; _builder_version=&#8221;4.9.2&#8243; _module_preset=&#8221;default&#8221; background_enable_image=&#8221;off&#8221;][et_pb_column type=&#8221;1_2&#8243; _builder_version=&#8221;3.25&#8243; custom_padding=&#8221;|||&#8221; custom_padding__hover=&#8221;|||&#8221;][et_pb_image src=&#8221;https:\/\/poskamanolito.ch\/de\/wp-content\/uploads\/2021\/04\/Objekt-0020011B-scaled.jpg&#8221; title_text=&#8221;Objekt 0020011B&#8221; _builder_version=&#8221;4.9.2&#8243; _module_preset=&#8221;default&#8221;][\/et_pb_image][\/et_pb_column][et_pb_column type=&#8221;1_2&#8243; [&hellip;]<\/p>\n","protected":false},"author":1,"featured_media":0,"parent":0,"menu_order":0,"comment_status":"closed","ping_status":"closed","template":"","meta":{"_et_pb_use_builder":"on","_et_pb_old_content":"","_et_gb_content_width":"","footnotes":""},"class_list":["post-152","page","type-page","status-publish","hentry"],"_links":{"self":[{"href":"https:\/\/poskamanolito.ch\/de\/index.php\/wp-json\/wp\/v2\/pages\/152","targetHints":{"allow":["GET"]}}],"collection":[{"href":"https:\/\/poskamanolito.ch\/de\/index.php\/wp-json\/wp\/v2\/pages"}],"about":[{"href":"https:\/\/poskamanolito.ch\/de\/index.php\/wp-json\/wp\/v2\/types\/page"}],"author":[{"embeddable":true,"href":"https:\/\/poskamanolito.ch\/de\/index.php\/wp-json\/wp\/v2\/users\/1"}],"replies":[{"embeddable":true,"href":"https:\/\/poskamanolito.ch\/de\/index.php\/wp-json\/wp\/v2\/comments?post=152"}],"version-history":[{"count":12,"href":"https:\/\/poskamanolito.ch\/de\/index.php\/wp-json\/wp\/v2\/pages\/152\/revisions"}],"predecessor-version":[{"id":1549,"href":"https:\/\/poskamanolito.ch\/de\/index.php\/wp-json\/wp\/v2\/pages\/152\/revisions\/1549"}],"wp:attachment":[{"href":"https:\/\/poskamanolito.ch\/de\/index.php\/wp-json\/wp\/v2\/media?parent=152"}],"curies":[{"name":"wp","href":"https:\/\/api.w.org\/{rel}","templated":true}]}}