{"id":93,"date":"2021-03-31T21:39:13","date_gmt":"2021-03-31T21:39:13","guid":{"rendered":"https:\/\/poskamanolito.ch\/de\/?page_id=93"},"modified":"2021-05-11T18:02:26","modified_gmt":"2021-05-11T18:02:26","slug":"unternehmen","status":"publish","type":"page","link":"https:\/\/poskamanolito.ch\/de\/index.php\/unternehmen\/","title":{"rendered":"\u00dcber uns"},"content":{"rendered":"<p>[et_pb_section fb_built=&#8221;1&#8243; admin_label=&#8221;Page Title Section&#8221; _builder_version=&#8221;4.9.2&#8243; background_color_gradient_direction=&#8221;100deg&#8221; background_enable_image=&#8221;off&#8221; background_video_mp4=&#8221;https:\/\/poskamanolito.ch\/de\/wp-content\/uploads\/2021\/04\/Background-6266.mp4&#8243; custom_padding=&#8221;100px||100px|&#8221;][et_pb_row admin_label=&#8221;Page Title Area&#8221; _builder_version=&#8221;3.25&#8243;][et_pb_column type=&#8221;4_4&#8243; _builder_version=&#8221;3.25&#8243; custom_padding=&#8221;|||&#8221; custom_padding__hover=&#8221;|||&#8221;][et_pb_text admin_label=&#8221;Title&#8221; _builder_version=&#8221;3.27.4&#8243; text_font=&#8221;Poppins||||||||&#8221; text_font_size=&#8221;18px&#8221; text_line_height=&#8221;1.8em&#8221; header_font=&#8221;Poppins|600|||||||&#8221; header_font_size=&#8221;48px&#8221; header_line_height=&#8221;1.4em&#8221; header_2_font=&#8221;||||||||&#8221; text_orientation=&#8221;center&#8221; background_layout=&#8221;dark&#8221; max_width=&#8221;700px&#8221; module_alignment=&#8221;center&#8221; custom_margin=&#8221;|||&#8221; animation_style=&#8221;fade&#8221;]<\/p>\n<h1><span style=\"font-size: xx-large;\">Unternehmen<\/span><\/h1>\n<p>&nbsp;<\/p>\n<p>[\/et_pb_text][\/et_pb_column][\/et_pb_row][\/et_pb_section][et_pb_section fb_built=&#8221;1&#8243; _builder_version=&#8221;4.9.2&#8243; _module_preset=&#8221;default&#8221;][et_pb_row _builder_version=&#8221;4.9.2&#8243; _module_preset=&#8221;default&#8221; custom_padding=&#8221;||10px|||&#8221;][et_pb_column type=&#8221;4_4&#8243; _builder_version=&#8221;4.9.2&#8243; _module_preset=&#8221;default&#8221;][et_pb_text _builder_version=&#8221;4.9.2&#8243; _module_preset=&#8221;default&#8221; text_font=&#8221;Poppins||||||||&#8221; text_text_color=&#8221;gcid-7d8af467-a206-4753-80db-47ccce015710&#8243; text_font_size=&#8221;20px&#8221; global_colors_info=&#8221;{%22gcid-7d8af467-a206-4753-80db-47ccce015710%22:%91%22text_text_color%22%93}&#8221;]<\/p>\n<p>Warum Poska Manolito AG ?<\/p>\n<p>[\/et_pb_text][\/et_pb_column][\/et_pb_row][et_pb_row _builder_version=&#8221;4.9.2&#8243; _module_preset=&#8221;default&#8221; custom_padding=&#8221;0px|||||&#8221;][et_pb_column type=&#8221;4_4&#8243; _builder_version=&#8221;4.9.2&#8243; _module_preset=&#8221;default&#8221;][et_pb_counters bar_bg_color=&#8221;#0C71C3&#8243; use_percentages=&#8221;off&#8221; _builder_version=&#8221;4.9.2&#8243; title_font=&#8221;Poppins||||||||&#8221; title_font_size=&#8221;16px&#8221; title_line_height=&#8221;2.2em&#8221; percent_font=&#8221;||||||||&#8221; percent_font_size=&#8221;7px&#8221; border_radii=&#8221;on|10px|10px|10px|10px&#8221;][et_pb_counter percent=&#8221;100&#8243; bar_background_color=&#8221;gcid-cc47a45f-bdb7-4179-89f4-693cf04088b6&#8243; _builder_version=&#8221;4.9.2&#8243; global_colors_info=&#8221;{%22gcid-cc47a45f-bdb7-4179-89f4-693cf04088b6%22:%91%22bar_background_color%22%93}&#8221; background_enable_color_default=&#8221;on&#8221; parallax_default=&#8221;off&#8221; parallax_method_default=&#8221;on&#8221; bar_background_color_default=&#8221;#0C71C3&#8243; use_percentages=&#8221;off&#8221; allow_player_pause_default=&#8221;off&#8221;]Wir kennen unsere Kunden und ihre Bed\u00fcrfnisse.[\/et_pb_counter][et_pb_counter percent=&#8221;100&#8243; _builder_version=&#8221;4.9.2&#8243; background_enable_color_default=&#8221;on&#8221; parallax_default=&#8221;off&#8221; parallax_method_default=&#8221;on&#8221; bar_background_color_default=&#8221;#0C71C3&#8243; use_percentages=&#8221;off&#8221; allow_player_pause_default=&#8221;off&#8221;]Wir bieten die beste Auswahl an Dienstleistungen.[\/et_pb_counter][et_pb_counter percent=&#8221;100&#8243; bar_background_color=&#8221;gcid-cc47a45f-bdb7-4179-89f4-693cf04088b6&#8243; _builder_version=&#8221;4.9.2&#8243; global_colors_info=&#8221;{%22gcid-cc47a45f-bdb7-4179-89f4-693cf04088b6%22:%91%22bar_background_color%22%93}&#8221; background_enable_color_default=&#8221;on&#8221; parallax_default=&#8221;off&#8221; parallax_method_default=&#8221;on&#8221; bar_background_color_default=&#8221;#0C71C3&#8243; use_percentages=&#8221;off&#8221; allow_player_pause_default=&#8221;off&#8221;]Wir sind stolz auf unsere erfahrenen und treuen Mitarbeiter, mit ihren menschlichen und beruflichen St\u00e4rken.[\/et_pb_counter][et_pb_counter percent=&#8221;100&#8243; bar_background_color=&#8221;#0C71C3&#8243; _builder_version=&#8221;4.9.2&#8243; background_enable_color_default=&#8221;on&#8221; parallax_default=&#8221;off&#8221; parallax_method_default=&#8221;on&#8221; bar_background_color_default=&#8221;#0C71C3&#8243; use_percentages=&#8221;off&#8221; allow_player_pause_default=&#8221;off&#8221;]Wir garantieren das beste Preis\/Leistungs-Verh\u00e4ltnis unserer Dienstleistungen.[\/et_pb_counter][\/et_pb_counters][\/et_pb_column][\/et_pb_row][\/et_pb_section][et_pb_section fb_built=&#8221;1&#8243; _builder_version=&#8221;4.9.2&#8243; _module_preset=&#8221;default&#8221; background_image=&#8221;https:\/\/poskamanolito.ch\/de\/wp-content\/uploads\/2021\/03\/section-bg-triangle-left3.png&#8221;][et_pb_row column_structure=&#8221;1_2,1_2&#8243; admin_label=&#8221;About Us Area&#8221; _builder_version=&#8221;3.25&#8243;][et_pb_column type=&#8221;1_2&#8243; _builder_version=&#8221;3.25&#8243; custom_padding=&#8221;|||&#8221; custom_padding__hover=&#8221;|||&#8221;][et_pb_text _builder_version=&#8221;4.9.2&#8243; text_font=&#8221;Poppins||||||||&#8221; text_font_size=&#8221;16px&#8221; text_line_height=&#8221;1.8em&#8221; custom_padding=&#8221;||0px|||&#8221;]<\/p>\n<p><strong>2003<\/strong> Poshka Ermond verwirklicht seinen Traum von einer eigenen Firma und gr\u00fcndet die Einzelfirma \u00abGipsergesch\u00e4ft POSKA\u00bb in Z\u00fcrich. Nach und nach kann er seine Dienstleistungen ausbauen, welche seine Kunden sehr gerne in Anspruch nehmen.\u00bb<\/p>\n<p><strong>2009<\/strong> Das bereits 30 Jahre in Betontrennung spezialisierte Unternehmen \u00abManolito AG\u00bb wird erworben. Poska Ermond \u00fcbernimmt auch hier die Unternehmensf\u00fchrung.<\/p>\n<p><strong>2012<\/strong> Die Einzelfirma \u00abGipsergesch\u00e4ft POSKA\u00bb und die Aktiengesellschaft \u00abManolito AG\u00bb werden fusioniert. Daraus entsteht neu die Aktiengesellschaft \u00abPoska Manolito AG\u00bb mit Sitz in Winterthur.<\/p>\n<p><strong>2020<\/strong> wird die Abteilung f\u00fcr Betonbohren- und fr\u00e4sen verkauft. Das Unternehmen fokussiert sich mehrheitlich aufs Gipsen, Fassaden und Malen.<\/p>\n<p>Unsere sehr erfahrenen Mitarbeiter sind dem Unternehmen seit Jahren treu geblieben und erbringen tagt\u00e4glich hochwertige Dienstleistungen rund ums Bauen.<\/p>\n<p>&nbsp;<\/p>\n<p>&nbsp;<\/p>\n<p>[\/et_pb_text][\/et_pb_column][et_pb_column type=&#8221;1_2&#8243; _builder_version=&#8221;3.25&#8243; custom_padding=&#8221;|||&#8221; custom_padding__hover=&#8221;|||&#8221;][dsm_perspective_image src=&#8221;https:\/\/poskamanolito.ch\/de\/wp-content\/uploads\/2021\/04\/ErmondPoshka.jpeg&#8221; title_text=&#8221;ErmondPoshka&#8221; _builder_version=&#8221;4.9.2&#8243; _module_preset=&#8221;default&#8221;][\/dsm_perspective_image][\/et_pb_column][\/et_pb_row][\/et_pb_section][et_pb_section fb_built=&#8221;1&#8243; admin_label=&#8221;FAQ Section&#8221; _builder_version=&#8221;4.9.2&#8243; use_background_color_gradient=&#8221;on&#8221; background_color_gradient_start=&#8221;#6b73ff&#8221; background_color_gradient_end=&#8221;#000dff&#8221; background_color_gradient_direction=&#8221;100deg&#8221; background_image=&#8221;https:\/\/poskamanolito.ch\/de\/wp-content\/uploads\/2021\/03\/section-bg-heptagon-right3-1.png&#8221; background_position=&#8221;bottom_center&#8221; custom_padding=&#8221;90px|0px|90px|&#8221; global_module=&#8221;597&#8243;][et_pb_row admin_label=&#8221;Title Area&#8221; _builder_version=&#8221;3.25&#8243; custom_padding=&#8221;|||&#8221; locked=&#8221;off&#8221;][et_pb_column type=&#8221;4_4&#8243; _builder_version=&#8221;3.25&#8243; custom_padding=&#8221;|||&#8221; custom_padding__hover=&#8221;|||&#8221;][et_pb_text admin_label=&#8221;Title&#8221; _builder_version=&#8221;3.27.4&#8243; text_font=&#8221;Poppins||||||||&#8221; text_font_size=&#8221;16px&#8221; text_line_height=&#8221;1.8em&#8221; header_font=&#8221;||||||||&#8221; header_2_font=&#8221;Poppins|600|||||||&#8221; header_2_font_size=&#8221;36px&#8221; header_2_line_height=&#8221;1.4em&#8221; text_orientation=&#8221;center&#8221; background_layout=&#8221;dark&#8221; max_width=&#8221;550px&#8221; module_alignment=&#8221;center&#8221; custom_margin=&#8221;||10px|&#8221; animation_style=&#8221;slide&#8221; animation_direction=&#8221;top&#8221; animation_intensity_slide=&#8221;10%&#8221; animation_starting_opacity=&#8221;100%&#8221;]<\/p>\n<h2>Leitbild<\/h2>\n<p>[\/et_pb_text][\/et_pb_column][\/et_pb_row][et_pb_row admin_label=&#8221;FAQ Area&#8221; _builder_version=&#8221;3.25&#8243;][et_pb_column type=&#8221;4_4&#8243; _builder_version=&#8221;3.25&#8243; custom_padding=&#8221;|||&#8221; custom_padding__hover=&#8221;|||&#8221;][et_pb_text admin_label=&#8221;Title&#8221; _builder_version=&#8221;4.9.2&#8243; text_font=&#8221;Poppins||||||||&#8221; text_text_color=&#8221;#FFFFFF&#8221; text_font_size=&#8221;16px&#8221; text_line_height=&#8221;1.8em&#8221; header_font=&#8221;||||||||&#8221; header_2_font=&#8221;Poppins||||||||&#8221; header_2_font_size=&#8221;22px&#8221; header_2_line_height=&#8221;1.4em&#8221; background_layout=&#8221;dark&#8221; custom_margin=&#8221;|||&#8221; custom_padding=&#8221;|||&#8221; animation_style=&#8221;fade&#8221;]<\/p>\n<p>Seit 2003 ist Poska Manolito AG im Markt der Baubranche t\u00e4tig und bietet verschiedene Gipser-<br \/>Fassaden- und Malerarbeiten an. Um das Ganze Angebot abzurunden, Offerieren wir auch kleine<br \/>Abbruch- Baumeister- und Servicelistungen.<\/p>\n<p>Wir sind ein eigenst\u00e4ndiges und etabliertes Unternehmen in Kanton Z\u00fcrich, bei uns stehen im<br \/>Zentrum Kundenorientiertes Verhalten, Freundlichkeit, L\u00f6sungsorientierung und Termintreue.<br \/>Wir legen Wert auf Langj\u00e4hrige Partnerschaften mit Lieferanten, Kunden und Partner.<\/p>\n<p>Um ein tadelloses Resultat zu erzielen, verwenden wir nur hochwertige Produkte. Wir gehen mit dem<br \/>Trend mit und sind offen f\u00fcr Neues. Innovationen werden bei uns \u00fcberpr\u00fcft und nach einer positiven<br \/>Bewertung in den Prozessen eingef\u00fchrt. Durch regelm\u00e4ssige Stichproben wird die Qualit\u00e4t bei uns<br \/>auf einem Hohen Niveau gehalten.<\/p>\n<p>Um unsere zuk\u00fcnftige Wirtschaftslage zu sichern, behalten wir stehts den \u00dcberblick und m\u00f6chten<br \/>kleine, aber sichere Schritte machen. Schnell grossen Gewinn zu generieren ist uns nicht wichtig, da<br \/>dies meistens ein kurzer Weg ist. Wir garantieren eine marktgerechte und faire Preispolitik.<\/p>\n<p>Auf unsere treue, langj\u00e4hrige und kompetente Mitarbeiter sind wir stolz. Sie sind zuvorkommend,<br \/>engagiert und freundlich gegen\u00fcber Kunden und Vorgesetzten. In unserem Unternehmen pflegen wir<br \/>eine famili\u00e4re Kultur. Wir respektieren, helfen und schenken uns gegenseitig Achtung. Hilfe anbieten<br \/>ist in unserem Unternehmen selbstverst\u00e4ndlich.<\/p>\n<p>Die Umwelt ist uns sehr wichtig, deswegen gehen wir mit unseren Ressourcen und Produkten<br \/>sparsam um und versuchen so Abf\u00e4lle zu reduzieren. Es ist unsere Pflicht die unvermeidbaren<br \/>Abf\u00e4lle sicher zu entsorgen.<\/p>\n<p>[\/et_pb_text][\/et_pb_column][\/et_pb_row][\/et_pb_section][et_pb_section fb_built=&#8221;1&#8243; admin_label=&#8221;Hero&#8221; _builder_version=&#8221;4.9.2&#8243; background_color=&#8221;gcid-7d8af467-a206-4753-80db-47ccce015710&#8243; background_enable_image=&#8221;off&#8221; background_enable_video_mp4=&#8221;off&#8221; custom_padding=&#8221;80px|0|80px||true|false&#8221; global_colors_info=&#8221;{%22gcid-1c292a3d-86a6-4ebf-b037-47bc1da9503a%22:%91%22colorEnd%22%93,%22gcid-7d8af467-a206-4753-80db-47ccce015710%22:%91%22background_color%22%93,%22gcid-cc47a45f-bdb7-4179-89f4-693cf04088b6%22:%91%93}&#8221; colorEnd=&#8221;gcid-1c292a3d-86a6-4ebf-b037-47bc1da9503a&#8221;][et_pb_row _builder_version=&#8221;3.25&#8243; custom_margin=&#8221;|||&#8221;][et_pb_column type=&#8221;4_4&#8243; _builder_version=&#8221;3.25&#8243; custom_padding=&#8221;|||&#8221; custom_padding__hover=&#8221;|||&#8221;][et_pb_text _builder_version=&#8221;4.9.2&#8243; text_font=&#8221;Poppins||||||||&#8221; text_font_size=&#8221;20px&#8221; text_line_height=&#8221;2em&#8221; header_font=&#8221;|800||on|||||&#8221; header_font_size=&#8221;68px&#8221; header_line_height=&#8221;1.4em&#8221; background_layout=&#8221;dark&#8221; max_width=&#8221;700px&#8221; custom_padding=&#8221;||0px|||&#8221; text_font_size_tablet=&#8221;&#8221; text_font_size_phone=&#8221;16px&#8221; text_font_size_last_edited=&#8221;on|phone&#8221; header_font_size_tablet=&#8221;44px&#8221; header_font_size_phone=&#8221;24px&#8221; header_font_size_last_edited=&#8221;on|desktop&#8221; header_line_height_tablet=&#8221;1.4em&#8221; header_line_height_phone=&#8221;1.4em&#8221; header_line_height_last_edited=&#8221;on|desktop&#8221;]<\/p>\n<p><strong><span style=\"font-size: xx-large;\">Kontaktieren <\/span><span style=\"font-size: xx-large;\">Sie uns!<\/span><\/strong><\/p>\n<p>F\u00fcr allf\u00e4llige Fragen benutzen Sie bitte das Kontaktformular, oder rufen Sie uns einfach an! Wir melden uns umgehend bei Ihnen.<\/p>\n<p>[\/et_pb_text][\/et_pb_column][\/et_pb_row][et_pb_row column_structure=&#8221;2_3,1_3&#8243; _builder_version=&#8221;4.9.2&#8243; use_background_color_gradient=&#8221;on&#8221; background_color_gradient_start=&#8221;rgba(142,142,142,0)&#8221; background_color_gradient_end=&#8221;rgba(142,142,142,0)&#8221; locked=&#8221;off&#8221; global_colors_info=&#8221;{%22gcid-cc47a45f-bdb7-4179-89f4-693cf04088b6%22:%91%93,%22gcid-2e3725ed-a89c-407e-83e8-603922440bab%22:%91%22colorStart%22,%22colorEnd%22%93}&#8221; colorStart=&#8221;gcid-2e3725ed-a89c-407e-83e8-603922440bab&#8221; colorEnd=&#8221;gcid-2e3725ed-a89c-407e-83e8-603922440bab&#8221;][et_pb_column type=&#8221;2_3&#8243; _builder_version=&#8221;3.25&#8243; custom_padding=&#8221;|||&#8221; custom_padding__hover=&#8221;|||&#8221;][dsm_contact_form_7 cf7_library=&#8221;1107&#8243; input_background_color=&#8221;RGBA(0,0,0,0)&#8221; file_background_color=&#8221;RGBA(0,0,0,0)&#8221; validation_success_background_color=&#8221;#FFFFFF&#8221; _builder_version=&#8221;4.9.2&#8243; _module_preset=&#8221;default&#8221; labels_font=&#8221;Poppins||||||||&#8221; labels_text_color=&#8221;#FFFFFF&#8221; input_textarea_select_font=&#8221;Poppins||||||||&#8221; input_textarea_select_text_color=&#8221;#FFFFFF&#8221; placeholder_text_color=&#8221;#FFFFFF&#8221; file_text_color=&#8221;#FFFFFF&#8221; success_validation_text_color=&#8221;#000000&#8243; success_validation_font_size=&#8221;18px&#8221; background_color=&#8221;RGBA(0,0,0,0)&#8221; custom_button_one=&#8221;on&#8221; button_one_text_color=&#8221;#FFFFFF&#8221; border_width_all_image=&#8221;2px&#8221; border_color_all_image=&#8221;#FFFFFF&#8221; box_shadow_style_input_field=&#8221;preset1&#8243; global_colors_info=&#8221;{%22gcid-1c292a3d-86a6-4ebf-b037-47bc1da9503a%22:%91%93,%22gcid-7d8af467-a206-4753-80db-47ccce015710%22:%91%93}&#8221;][\/dsm_contact_form_7][\/et_pb_column][et_pb_column type=&#8221;1_3&#8243; _builder_version=&#8221;3.25&#8243; custom_padding=&#8221;|||&#8221; custom_padding__hover=&#8221;|||&#8221;][et_pb_blurb title=&#8221;pOSKA MANOLITO ag&#8221; use_icon=&#8221;on&#8221; font_icon=&#8221;%%249%%&#8221; icon_color=&#8221;#ffffff&#8221; icon_placement=&#8221;left&#8221; content_max_width=&#8221;1100px&#8221; _builder_version=&#8221;4.9.2&#8243; header_font=&#8221;Poppins|700||on|||||&#8221; header_font_size=&#8221;16px&#8221; header_letter_spacing=&#8221;0.5px&#8221; header_line_height=&#8221;1.7em&#8221; body_font=&#8221;Poppins||||||||&#8221; body_line_height=&#8221;2em&#8221; background_layout=&#8221;dark&#8221; locked=&#8221;off&#8221;]<\/p>\n<p>Haldenstrasse 50, CH-8400 Winterthur<\/p>\n<p>[\/et_pb_blurb][et_pb_blurb title=&#8221;\u00d6FFUNGSZEITen&#8221; use_icon=&#8221;on&#8221; font_icon=&#8221;%%236%%&#8221; icon_color=&#8221;#ffffff&#8221; icon_placement=&#8221;left&#8221; content_max_width=&#8221;1100px&#8221; _builder_version=&#8221;4.9.2&#8243; header_font=&#8221;Poppins|700||on|||||&#8221; header_font_size=&#8221;16px&#8221; header_letter_spacing=&#8221;0.5px&#8221; header_line_height=&#8221;1.7em&#8221; body_font=&#8221;Poppins||||||||&#8221; body_line_height=&#8221;2em&#8221; background_layout=&#8221;dark&#8221; locked=&#8221;off&#8221;]<\/p>\n<p>Montag &#8211; Freitag\u00a0 07:00 &#8211; 17:30<\/p>\n<p>&nbsp;<\/p>\n<p>[\/et_pb_blurb][et_pb_blurb title=&#8221;E-mail&#8221; use_icon=&#8221;on&#8221; font_icon=&#8221;%%238%%&#8221; icon_color=&#8221;#ffffff&#8221; icon_placement=&#8221;left&#8221; content_max_width=&#8221;1100px&#8221; _builder_version=&#8221;4.9.2&#8243; header_font=&#8221;Poppins|700||on|||||&#8221; header_font_size=&#8221;16px&#8221; header_letter_spacing=&#8221;0.5px&#8221; header_line_height=&#8221;1.7em&#8221; body_font=&#8221;Poppins||||||||&#8221; body_line_height=&#8221;2em&#8221; background_layout=&#8221;dark&#8221; locked=&#8221;off&#8221;]<\/p>\n<p>info@poskamanolito.ch<\/p>\n<p>[\/et_pb_blurb][\/et_pb_column][\/et_pb_row][\/et_pb_section]<\/p>\n","protected":false},"excerpt":{"rendered":"<p>[et_pb_section fb_built=&#8221;1&#8243; admin_label=&#8221;Page Title Section&#8221; _builder_version=&#8221;4.9.2&#8243; background_color_gradient_direction=&#8221;100deg&#8221; background_enable_image=&#8221;off&#8221; background_video_mp4=&#8221;https:\/\/poskamanolito.ch\/de\/wp-content\/uploads\/2021\/04\/Background-6266.mp4&#8243; custom_padding=&#8221;100px||100px|&#8221;][et_pb_row admin_label=&#8221;Page Title Area&#8221; _builder_version=&#8221;3.25&#8243;][et_pb_column type=&#8221;4_4&#8243; _builder_version=&#8221;3.25&#8243; custom_padding=&#8221;|||&#8221; custom_padding__hover=&#8221;|||&#8221;][et_pb_text admin_label=&#8221;Title&#8221; _builder_version=&#8221;3.27.4&#8243; text_font=&#8221;Poppins||||||||&#8221; text_font_size=&#8221;18px&#8221; text_line_height=&#8221;1.8em&#8221; header_font=&#8221;Poppins|600|||||||&#8221; header_font_size=&#8221;48px&#8221; header_line_height=&#8221;1.4em&#8221; header_2_font=&#8221;||||||||&#8221; text_orientation=&#8221;center&#8221; background_layout=&#8221;dark&#8221; max_width=&#8221;700px&#8221; module_alignment=&#8221;center&#8221; custom_margin=&#8221;|||&#8221; animation_style=&#8221;fade&#8221;] Unternehmen &nbsp; [\/et_pb_text][\/et_pb_column][\/et_pb_row][\/et_pb_section][et_pb_section fb_built=&#8221;1&#8243; _builder_version=&#8221;4.9.2&#8243; _module_preset=&#8221;default&#8221;][et_pb_row _builder_version=&#8221;4.9.2&#8243; _module_preset=&#8221;default&#8221; custom_padding=&#8221;||10px|||&#8221;][et_pb_column type=&#8221;4_4&#8243; _builder_version=&#8221;4.9.2&#8243; _module_preset=&#8221;default&#8221;][et_pb_text _builder_version=&#8221;4.9.2&#8243; _module_preset=&#8221;default&#8221; text_font=&#8221;Poppins||||||||&#8221; text_text_color=&#8221;gcid-7d8af467-a206-4753-80db-47ccce015710&#8243; text_font_size=&#8221;20px&#8221; global_colors_info=&#8221;{%22gcid-7d8af467-a206-4753-80db-47ccce015710%22:%91%22text_text_color%22%93}&#8221;] Warum Poska Manolito AG [&hellip;]<\/p>\n","protected":false},"author":1,"featured_media":0,"parent":0,"menu_order":0,"comment_status":"closed","ping_status":"closed","template":"","meta":{"_et_pb_use_builder":"on","_et_pb_old_content":"","_et_gb_content_width":"","footnotes":""},"class_list":["post-93","page","type-page","status-publish","hentry"],"_links":{"self":[{"href":"https:\/\/poskamanolito.ch\/de\/index.php\/wp-json\/wp\/v2\/pages\/93","targetHints":{"allow":["GET"]}}],"collection":[{"href":"https:\/\/poskamanolito.ch\/de\/index.php\/wp-json\/wp\/v2\/pages"}],"about":[{"href":"https:\/\/poskamanolito.ch\/de\/index.php\/wp-json\/wp\/v2\/types\/page"}],"author":[{"embeddable":true,"href":"https:\/\/poskamanolito.ch\/de\/index.php\/wp-json\/wp\/v2\/users\/1"}],"replies":[{"embeddable":true,"href":"https:\/\/poskamanolito.ch\/de\/index.php\/wp-json\/wp\/v2\/comments?post=93"}],"version-history":[{"count":19,"href":"https:\/\/poskamanolito.ch\/de\/index.php\/wp-json\/wp\/v2\/pages\/93\/revisions"}],"predecessor-version":[{"id":1507,"href":"https:\/\/poskamanolito.ch\/de\/index.php\/wp-json\/wp\/v2\/pages\/93\/revisions\/1507"}],"wp:attachment":[{"href":"https:\/\/poskamanolito.ch\/de\/index.php\/wp-json\/wp\/v2\/media?parent=93"}],"curies":[{"name":"wp","href":"https:\/\/api.w.org\/{rel}","templated":true}]}}